{"id":8,"date":"2021-04-10T19:27:51","date_gmt":"2021-04-10T19:27:51","guid":{"rendered":"http:\/\/reseblogg.p-sons.com\/?page_id=8"},"modified":"2022-06-15T19:32:06","modified_gmt":"2022-06-15T19:32:06","slug":"hem","status":"publish","type":"page","link":"https:\/\/fiskebackbunkring.se\/","title":{"rendered":"Hem"},"content":{"rendered":"\n<figure class=\"wp-block-table\"><table><tbody><tr><td>Under \u00e5ren som g\u00e5tt har Fiskeb\u00e4ck Bunkrings AB utvecklats fr\u00e5n att vara ett bolag som b\u00e5de s\u00e5lde och transporterade oljor till att enbart transportera olja.<br><br>Ut\u00f6ver rena transporter till olika dep\u00e5er utg\u00f6r bunkringar av andra fartyg en stor del av v\u00e5r verksamhet. Dessa bunkringar utf\u00f6rs mestadels i G\u00f6teborg, men \u00e4ven i andra hamnar. Vi m\u00f6ter ocks\u00e5 upp fartyg ute till havs och levererar bunker till dem d\u00e4r.<\/td><\/tr><tr><td>V\u00e5rt huvudsakliga verksamhetsomr\u00e5de \u00e4r idag Skagerack, Kattegatt och s\u00f6dra \u00f6stersj\u00f6n. <br>Produkterna vi mestadels levererar best\u00e5r av fuel oil, marine diesel och gasoil.<br>M\/T Fram g\u00e5r idag i timecharter f\u00f6r Bunker One<\/td><td><\/td><\/tr><\/tbody><\/table><\/figure>\n","protected":false},"excerpt":{"rendered":"<p>Under \u00e5ren som g\u00e5tt har Fiskeb\u00e4ck Bunkrings AB utvecklats fr\u00e5n att vara ett bolag som b\u00e5de s\u00e5lde och transporterade oljor till att enbart transportera olja. Ut\u00f6ver rena transporter till olika dep\u00e5er utg\u00f6r bunkringar av andra fartyg en stor del av v\u00e5r verksamhet. Dessa bunkringar utf\u00f6rs mestadels i G\u00f6teborg, men \u00e4ven i andra hamnar. Vi m\u00f6ter &hellip; <\/p>\n<p class=\"link-more\"><a href=\"https:\/\/fiskebackbunkring.se\/\" class=\"more-link\">Forts\u00e4tt l\u00e4sa<span class=\"screen-reader-text\"> &#8221;Hem&#8221;<\/span><\/a><\/p>\n","protected":false},"author":1,"featured_media":0,"parent":0,"menu_order":0,"comment_status":"closed","ping_status":"closed","template":"","meta":{"footnotes":""},"class_list":["post-8","page","type-page","status-publish","hentry"],"jetpack_sharing_enabled":true,"_links":{"self":[{"href":"https:\/\/fiskebackbunkring.se\/index.php\/wp-json\/wp\/v2\/pages\/8","targetHints":{"allow":["GET"]}}],"collection":[{"href":"https:\/\/fiskebackbunkring.se\/index.php\/wp-json\/wp\/v2\/pages"}],"about":[{"href":"https:\/\/fiskebackbunkring.se\/index.php\/wp-json\/wp\/v2\/types\/page"}],"author":[{"embeddable":true,"href":"https:\/\/fiskebackbunkring.se\/index.php\/wp-json\/wp\/v2\/users\/1"}],"replies":[{"embeddable":true,"href":"https:\/\/fiskebackbunkring.se\/index.php\/wp-json\/wp\/v2\/comments?post=8"}],"version-history":[{"count":3,"href":"https:\/\/fiskebackbunkring.se\/index.php\/wp-json\/wp\/v2\/pages\/8\/revisions"}],"predecessor-version":[{"id":207,"href":"https:\/\/fiskebackbunkring.se\/index.php\/wp-json\/wp\/v2\/pages\/8\/revisions\/207"}],"wp:attachment":[{"href":"https:\/\/fiskebackbunkring.se\/index.php\/wp-json\/wp\/v2\/media?parent=8"}],"curies":[{"name":"wp","href":"https:\/\/api.w.org\/{rel}","templated":true}]}}